{"id":2382,"date":"2020-05-12T12:21:00","date_gmt":"2020-05-12T12:21:00","guid":{"rendered":"https:\/\/nutrition365.se\/?post_type=product&#038;p=2382"},"modified":"2025-10-12T05:53:16","modified_gmt":"2025-10-12T05:53:16","slug":"oat-fiber-gel","status":"publish","type":"product","link":"https:\/\/nutrition365.se\/sv\/produkt\/oat-fiber-gel\/","title":{"rendered":"Oat Fiber Gel"},"content":{"rendered":"<p><img fetchpriority=\"high\" decoding=\"async\" class=\"aligncenter wp-image-20288 size-full\" src=\"https:\/\/nutrition365.se\/wp-content\/uploads\/2025\/10\/Oat-Fiber-Gel-Landing-page-Swedish_01.jpg\" alt=\"\" width=\"1200\" height=\"1988\" srcset=\"https:\/\/nutrition365.se\/wp-content\/uploads\/2025\/10\/Oat-Fiber-Gel-Landing-page-Swedish_01.jpg 1200w, https:\/\/nutrition365.se\/wp-content\/uploads\/2025\/10\/Oat-Fiber-Gel-Landing-page-Swedish_01-181x300.jpg 181w, https:\/\/nutrition365.se\/wp-content\/uploads\/2025\/10\/Oat-Fiber-Gel-Landing-page-Swedish_01-618x1024.jpg 618w, https:\/\/nutrition365.se\/wp-content\/uploads\/2025\/10\/Oat-Fiber-Gel-Landing-page-Swedish_01-768x1272.jpg 768w, https:\/\/nutrition365.se\/wp-content\/uploads\/2025\/10\/Oat-Fiber-Gel-Landing-page-Swedish_01-927x1536.jpg 927w, https:\/\/nutrition365.se\/wp-content\/uploads\/2025\/10\/Oat-Fiber-Gel-Landing-page-Swedish_01-7x12.jpg 7w, https:\/\/nutrition365.se\/wp-content\/uploads\/2025\/10\/Oat-Fiber-Gel-Landing-page-Swedish_01-370x613.jpg 370w, https:\/\/nutrition365.se\/wp-content\/uploads\/2025\/10\/Oat-Fiber-Gel-Landing-page-Swedish_01-840x1392.jpg 840w, https:\/\/nutrition365.se\/wp-content\/uploads\/2025\/10\/Oat-Fiber-Gel-Landing-page-Swedish_01-410x679.jpg 410w, https:\/\/nutrition365.se\/wp-content\/uploads\/2025\/10\/Oat-Fiber-Gel-Landing-page-Swedish_01-600x994.jpg 600w\" sizes=\"(max-width: 1200px) 100vw, 1200px\" \/> <img decoding=\"async\" class=\"aligncenter wp-image-20290 size-full\" src=\"https:\/\/nutrition365.se\/wp-content\/uploads\/2025\/10\/Oat-Fiber-Gel-Landing-page-Swedish_02-scaled.jpg\" alt=\"\" width=\"1099\" height=\"2560\" srcset=\"https:\/\/nutrition365.se\/wp-content\/uploads\/2025\/10\/Oat-Fiber-Gel-Landing-page-Swedish_02-scaled.jpg 1099w, https:\/\/nutrition365.se\/wp-content\/uploads\/2025\/10\/Oat-Fiber-Gel-Landing-page-Swedish_02-129x300.jpg 129w, https:\/\/nutrition365.se\/wp-content\/uploads\/2025\/10\/Oat-Fiber-Gel-Landing-page-Swedish_02-440x1024.jpg 440w, https:\/\/nutrition365.se\/wp-content\/uploads\/2025\/10\/Oat-Fiber-Gel-Landing-page-Swedish_02-768x1788.jpg 768w, https:\/\/nutrition365.se\/wp-content\/uploads\/2025\/10\/Oat-Fiber-Gel-Landing-page-Swedish_02-660x1536.jpg 660w, https:\/\/nutrition365.se\/wp-content\/uploads\/2025\/10\/Oat-Fiber-Gel-Landing-page-Swedish_02-5x12.jpg 5w, https:\/\/nutrition365.se\/wp-content\/uploads\/2025\/10\/Oat-Fiber-Gel-Landing-page-Swedish_02-370x861.jpg 370w, https:\/\/nutrition365.se\/wp-content\/uploads\/2025\/10\/Oat-Fiber-Gel-Landing-page-Swedish_02-840x1956.jpg 840w, https:\/\/nutrition365.se\/wp-content\/uploads\/2025\/10\/Oat-Fiber-Gel-Landing-page-Swedish_02-410x955.jpg 410w, https:\/\/nutrition365.se\/wp-content\/uploads\/2025\/10\/Oat-Fiber-Gel-Landing-page-Swedish_02-600x1397.jpg 600w\" sizes=\"(max-width: 1099px) 100vw, 1099px\" \/> <img decoding=\"async\" class=\"aligncenter wp-image-20292 size-full\" src=\"https:\/\/nutrition365.se\/wp-content\/uploads\/2025\/10\/Oat-Fiber-Gel-Landing-page-Swedish_03.jpg\" alt=\"\" width=\"1200\" height=\"2174\" srcset=\"https:\/\/nutrition365.se\/wp-content\/uploads\/2025\/10\/Oat-Fiber-Gel-Landing-page-Swedish_03.jpg 1200w, https:\/\/nutrition365.se\/wp-content\/uploads\/2025\/10\/Oat-Fiber-Gel-Landing-page-Swedish_03-162x300.jpg 162w, https:\/\/nutrition365.se\/wp-content\/uploads\/2025\/10\/Oat-Fiber-Gel-Landing-page-Swedish_03-553x1024.jpg 553w, https:\/\/nutrition365.se\/wp-content\/uploads\/2025\/10\/Oat-Fiber-Gel-Landing-page-Swedish_03-768x1423.jpg 768w, https:\/\/nutrition365.se\/wp-content\/uploads\/2025\/10\/Oat-Fiber-Gel-Landing-page-Swedish_03-829x1536.jpg 829w, https:\/\/nutrition365.se\/wp-content\/uploads\/2025\/10\/Oat-Fiber-Gel-Landing-page-Swedish_03-1105x2048.jpg 1105w, https:\/\/nutrition365.se\/wp-content\/uploads\/2025\/10\/Oat-Fiber-Gel-Landing-page-Swedish_03-6x12.jpg 6w, https:\/\/nutrition365.se\/wp-content\/uploads\/2025\/10\/Oat-Fiber-Gel-Landing-page-Swedish_03-370x686.jpg 370w, https:\/\/nutrition365.se\/wp-content\/uploads\/2025\/10\/Oat-Fiber-Gel-Landing-page-Swedish_03-840x1557.jpg 840w, https:\/\/nutrition365.se\/wp-content\/uploads\/2025\/10\/Oat-Fiber-Gel-Landing-page-Swedish_03-410x760.jpg 410w, https:\/\/nutrition365.se\/wp-content\/uploads\/2025\/10\/Oat-Fiber-Gel-Landing-page-Swedish_03-600x1112.jpg 600w\" sizes=\"(max-width: 1200px) 100vw, 1200px\" \/><\/p>\n<p><img loading=\"lazy\" decoding=\"async\" class=\"aligncenter size-full wp-image-20294\" src=\"https:\/\/nutrition365.se\/wp-content\/uploads\/2025\/10\/Oat-Fiber-Gel-Landing-page-Swedish_04.jpg\" alt=\"\" width=\"1200\" height=\"1704\" srcset=\"https:\/\/nutrition365.se\/wp-content\/uploads\/2025\/10\/Oat-Fiber-Gel-Landing-page-Swedish_04.jpg 1200w, https:\/\/nutrition365.se\/wp-content\/uploads\/2025\/10\/Oat-Fiber-Gel-Landing-page-Swedish_04-218x300.jpg 218w, https:\/\/nutrition365.se\/wp-content\/uploads\/2025\/10\/Oat-Fiber-Gel-Landing-page-Swedish_04-743x1024.jpg 743w, https:\/\/nutrition365.se\/wp-content\/uploads\/2025\/10\/Oat-Fiber-Gel-Landing-page-Swedish_04-768x1059.jpg 768w, https:\/\/nutrition365.se\/wp-content\/uploads\/2025\/10\/Oat-Fiber-Gel-Landing-page-Swedish_04-1114x1536.jpg 1114w, https:\/\/nutrition365.se\/wp-content\/uploads\/2025\/10\/Oat-Fiber-Gel-Landing-page-Swedish_04-9x12.jpg 9w, https:\/\/nutrition365.se\/wp-content\/uploads\/2025\/10\/Oat-Fiber-Gel-Landing-page-Swedish_04-370x510.jpg 370w, https:\/\/nutrition365.se\/wp-content\/uploads\/2025\/10\/Oat-Fiber-Gel-Landing-page-Swedish_04-840x1158.jpg 840w, https:\/\/nutrition365.se\/wp-content\/uploads\/2025\/10\/Oat-Fiber-Gel-Landing-page-Swedish_04-410x565.jpg 410w, https:\/\/nutrition365.se\/wp-content\/uploads\/2025\/10\/Oat-Fiber-Gel-Landing-page-Swedish_04-600x827.jpg 600w\" sizes=\"(max-width: 1200px) 100vw, 1200px\" \/><\/p>","protected":false},"excerpt":{"rendered":"<p><strong>Oat Fiber Gel <\/strong>\u00e4r ett v\u00e4xt-baserat funktionellt gel supplement formulerat med havre-betaglukan, l\u00f6sliga fibrer, MCT och naturliga extrakt. Det st\u00f6djer m\u00e4ttnad, balanserar blodsocker, fr\u00e4mjar metabolism och ger energi \u2013 allt i en praktisk, l\u00e4ttanv\u00e4nd gel.<\/p>\n<p><strong>Nyckelf\u00f6rdelar<\/strong>:<\/p>\n<ul>\n<li>Kliniskt erk\u00e4nd havre-betaglukan f\u00f6r hj\u00e4rta och blod sockerst\u00f6d<\/li>\n<li>GLP-1-v\u00e4gen hj\u00e4lper till att f\u00f6rl\u00e4nga m\u00e4ttnad och reglera blodsocker<\/li>\n<li>MCT ger en naturlig metabolisk boost f\u00f6r \u00f6kad fettf\u00f6rbr\u00e4nning<\/li>\n<\/ul>","protected":false},"featured_media":19554,"template":"","meta":{"_eb_attr":""},"product_brand":[],"product_cat":[191],"product_tag":[],"class_list":{"0":"post-2382","1":"product","2":"type-product","3":"status-publish","4":"has-post-thumbnail","6":"product_cat-top-products","8":"first","9":"instock","10":"shipping-taxable","11":"product-type-simple"},"_links":{"self":[{"href":"https:\/\/nutrition365.se\/sv\/wp-json\/wp\/v2\/product\/2382","targetHints":{"allow":["GET"]}}],"collection":[{"href":"https:\/\/nutrition365.se\/sv\/wp-json\/wp\/v2\/product"}],"about":[{"href":"https:\/\/nutrition365.se\/sv\/wp-json\/wp\/v2\/types\/product"}],"wp:featuredmedia":[{"embeddable":true,"href":"https:\/\/nutrition365.se\/sv\/wp-json\/wp\/v2\/media\/19554"}],"wp:attachment":[{"href":"https:\/\/nutrition365.se\/sv\/wp-json\/wp\/v2\/media?parent=2382"}],"wp:term":[{"taxonomy":"product_brand","embeddable":true,"href":"https:\/\/nutrition365.se\/sv\/wp-json\/wp\/v2\/product_brand?post=2382"},{"taxonomy":"product_cat","embeddable":true,"href":"https:\/\/nutrition365.se\/sv\/wp-json\/wp\/v2\/product_cat?post=2382"},{"taxonomy":"product_tag","embeddable":true,"href":"https:\/\/nutrition365.se\/sv\/wp-json\/wp\/v2\/product_tag?post=2382"}],"curies":[{"name":"wp","href":"https:\/\/api.w.org\/{rel}","templated":true}]}}