{"id":2381,"date":"2020-05-12T12:19:47","date_gmt":"2020-05-12T12:19:47","guid":{"rendered":"https:\/\/nutrition365.se\/?post_type=product&#038;p=2381"},"modified":"2025-09-21T05:28:31","modified_gmt":"2025-09-21T05:28:31","slug":"hmal-egg-yolk-lecithin-dha-ara","status":"publish","type":"product","link":"https:\/\/nutrition365.se\/sv\/produkt\/hmal-egg-yolk-lecithin-dha-ara\/","title":{"rendered":"HMAL \u00c4ggula lecitin DHA &amp; ARA"},"content":{"rendered":"<p><img fetchpriority=\"high\" decoding=\"async\" class=\"aligncenter wp-image-20250\" src=\"https:\/\/nutrition365.se\/wp-content\/uploads\/2025\/10\/DHA-ARA-Softgel-Description-Page-Swedish_01.jpg\" alt=\"From Discovery to InnovationYears of Research, Leading to HMALHuman Milk Active LipidStructure Closer to Human MilkNutrient Composition, Perfectly MatchedPrecise Matching ofHMAL Components with Human MilkHMAL Egg Yolk PhospholipidDHA &amp; ARA Soft Gel\" width=\"800\" height=\"1235\" srcset=\"https:\/\/nutrition365.se\/wp-content\/uploads\/2025\/10\/DHA-ARA-Softgel-Description-Page-Swedish_01.jpg 1200w, https:\/\/nutrition365.se\/wp-content\/uploads\/2025\/10\/DHA-ARA-Softgel-Description-Page-Swedish_01-194x300.jpg 194w, https:\/\/nutrition365.se\/wp-content\/uploads\/2025\/10\/DHA-ARA-Softgel-Description-Page-Swedish_01-663x1024.jpg 663w, https:\/\/nutrition365.se\/wp-content\/uploads\/2025\/10\/DHA-ARA-Softgel-Description-Page-Swedish_01-768x1185.jpg 768w, https:\/\/nutrition365.se\/wp-content\/uploads\/2025\/10\/DHA-ARA-Softgel-Description-Page-Swedish_01-995x1536.jpg 995w, https:\/\/nutrition365.se\/wp-content\/uploads\/2025\/10\/DHA-ARA-Softgel-Description-Page-Swedish_01-8x12.jpg 8w, https:\/\/nutrition365.se\/wp-content\/uploads\/2025\/10\/DHA-ARA-Softgel-Description-Page-Swedish_01-370x571.jpg 370w, https:\/\/nutrition365.se\/wp-content\/uploads\/2025\/10\/DHA-ARA-Softgel-Description-Page-Swedish_01-840x1296.jpg 840w, https:\/\/nutrition365.se\/wp-content\/uploads\/2025\/10\/DHA-ARA-Softgel-Description-Page-Swedish_01-410x633.jpg 410w, https:\/\/nutrition365.se\/wp-content\/uploads\/2025\/10\/DHA-ARA-Softgel-Description-Page-Swedish_01-600x926.jpg 600w\" sizes=\"(max-width: 800px) 100vw, 800px\" \/> <img decoding=\"async\" class=\"aligncenter wp-image-20251\" src=\"https:\/\/nutrition365.se\/wp-content\/uploads\/2025\/10\/DHA-ARA-Softgel-Description-Page-Swedish_02-scaled.jpg\" alt=\"From Discovery to InnovationYears of Research, Leading to HMALHuman Milk Active LipidStructure Closer to Human MilkNutrient Composition, Perfectly MatchedPrecise Matching ofHMAL Components with Human MilkHMAL Egg Yolk PhospholipidDHA &amp; ARA Soft Gel\" width=\"800\" height=\"1584\" srcset=\"https:\/\/nutrition365.se\/wp-content\/uploads\/2025\/10\/DHA-ARA-Softgel-Description-Page-Swedish_02-scaled.jpg 747w, https:\/\/nutrition365.se\/wp-content\/uploads\/2025\/10\/DHA-ARA-Softgel-Description-Page-Swedish_02-299x1024.jpg 299w, https:\/\/nutrition365.se\/wp-content\/uploads\/2025\/10\/DHA-ARA-Softgel-Description-Page-Swedish_02-448x1536.jpg 448w, https:\/\/nutrition365.se\/wp-content\/uploads\/2025\/10\/DHA-ARA-Softgel-Description-Page-Swedish_02-598x2048.jpg 598w, https:\/\/nutrition365.se\/wp-content\/uploads\/2025\/10\/DHA-ARA-Softgel-Description-Page-Swedish_02-370x1267.jpg 370w, https:\/\/nutrition365.se\/wp-content\/uploads\/2025\/10\/DHA-ARA-Softgel-Description-Page-Swedish_02-410x1404.jpg 410w, https:\/\/nutrition365.se\/wp-content\/uploads\/2025\/10\/DHA-ARA-Softgel-Description-Page-Swedish_02-600x2055.jpg 600w\" sizes=\"(max-width: 800px) 100vw, 800px\" \/> <img decoding=\"async\" class=\"aligncenter wp-image-20253\" src=\"https:\/\/nutrition365.se\/wp-content\/uploads\/2025\/10\/DHA-ARA-Softgel-Description-Page-Swedish_03-scaled.jpg\" alt=\"From Discovery to InnovationYears of Research, Leading to HMALHuman Milk Active LipidStructure Closer to Human MilkNutrient Composition, Perfectly MatchedPrecise Matching ofHMAL Components with Human MilkHMAL Egg Yolk PhospholipidDHA &amp; ARA Soft Gel\" width=\"800\" height=\"1157\" srcset=\"https:\/\/nutrition365.se\/wp-content\/uploads\/2025\/10\/DHA-ARA-Softgel-Description-Page-Swedish_03-scaled.jpg 868w, https:\/\/nutrition365.se\/wp-content\/uploads\/2025\/10\/DHA-ARA-Softgel-Description-Page-Swedish_03-102x300.jpg 102w, https:\/\/nutrition365.se\/wp-content\/uploads\/2025\/10\/DHA-ARA-Softgel-Description-Page-Swedish_03-347x1024.jpg 347w, https:\/\/nutrition365.se\/wp-content\/uploads\/2025\/10\/DHA-ARA-Softgel-Description-Page-Swedish_03-768x2264.jpg 768w, https:\/\/nutrition365.se\/wp-content\/uploads\/2025\/10\/DHA-ARA-Softgel-Description-Page-Swedish_03-521x1536.jpg 521w, https:\/\/nutrition365.se\/wp-content\/uploads\/2025\/10\/DHA-ARA-Softgel-Description-Page-Swedish_03-4x12.jpg 4w, https:\/\/nutrition365.se\/wp-content\/uploads\/2025\/10\/DHA-ARA-Softgel-Description-Page-Swedish_03-370x1091.jpg 370w, https:\/\/nutrition365.se\/wp-content\/uploads\/2025\/10\/DHA-ARA-Softgel-Description-Page-Swedish_03-840x2477.jpg 840w, https:\/\/nutrition365.se\/wp-content\/uploads\/2025\/10\/DHA-ARA-Softgel-Description-Page-Swedish_03-410x1209.jpg 410w, https:\/\/nutrition365.se\/wp-content\/uploads\/2025\/10\/DHA-ARA-Softgel-Description-Page-Swedish_03-600x1769.jpg 600w\" sizes=\"(max-width: 800px) 100vw, 800px\" \/> <img loading=\"lazy\" decoding=\"async\" class=\"aligncenter wp-image-20255\" src=\"https:\/\/nutrition365.se\/wp-content\/uploads\/2025\/10\/DHA-ARA-Softgel-Description-Page-Swedish_03-scaled.jpg\" alt=\"From Discovery to InnovationYears of Research, Leading to HMALHuman Milk Active LipidStructure Closer to Human MilkNutrient Composition, Perfectly MatchedPrecise Matching ofHMAL Components with Human MilkHMAL Egg Yolk PhospholipidDHA &amp; ARA Soft Gel\" width=\"800\" height=\"2357\" srcset=\"https:\/\/nutrition365.se\/wp-content\/uploads\/2025\/10\/DHA-ARA-Softgel-Description-Page-Swedish_03-scaled.jpg 868w, https:\/\/nutrition365.se\/wp-content\/uploads\/2025\/10\/DHA-ARA-Softgel-Description-Page-Swedish_03-102x300.jpg 102w, https:\/\/nutrition365.se\/wp-content\/uploads\/2025\/10\/DHA-ARA-Softgel-Description-Page-Swedish_03-347x1024.jpg 347w, https:\/\/nutrition365.se\/wp-content\/uploads\/2025\/10\/DHA-ARA-Softgel-Description-Page-Swedish_03-768x2264.jpg 768w, https:\/\/nutrition365.se\/wp-content\/uploads\/2025\/10\/DHA-ARA-Softgel-Description-Page-Swedish_03-521x1536.jpg 521w, https:\/\/nutrition365.se\/wp-content\/uploads\/2025\/10\/DHA-ARA-Softgel-Description-Page-Swedish_03-4x12.jpg 4w, https:\/\/nutrition365.se\/wp-content\/uploads\/2025\/10\/DHA-ARA-Softgel-Description-Page-Swedish_03-370x1091.jpg 370w, https:\/\/nutrition365.se\/wp-content\/uploads\/2025\/10\/DHA-ARA-Softgel-Description-Page-Swedish_03-840x2477.jpg 840w, https:\/\/nutrition365.se\/wp-content\/uploads\/2025\/10\/DHA-ARA-Softgel-Description-Page-Swedish_03-410x1209.jpg 410w, https:\/\/nutrition365.se\/wp-content\/uploads\/2025\/10\/DHA-ARA-Softgel-Description-Page-Swedish_03-600x1769.jpg 600w\" sizes=\"(max-width: 800px) 100vw, 800px\" \/><\/p>","protected":false},"excerpt":{"rendered":"<p>Ett n\u00e4sta generations kosttillskott f\u00f6r hj\u00e4rna och cellh\u00e4lsa, inspirerat av br\u00f6stmj\u00f6lkens naturliga n\u00e4ring. Med Human Milk Active Lipid (HMAL) kombineras DHA, ARA och kolin f\u00f6r b\u00e4ttre upptag och l\u00e5ngsiktiga f\u00f6rdelar f\u00f6r minne, fokus och kognitiv prestation.<\/p>\n<p>Nyckelf\u00f6rdelar:<\/p>\n<ul>\n<li data-start=\"463\" data-end=\"595\">\n<p data-start=\"465\" data-end=\"595\"><strong data-start=\"463\" data-end=\"489\">Egenutvecklad HMAL-blandning<\/strong> \u2013 n\u00e4rmare br\u00f6stmj\u00f6lkens sammans\u00e4ttning, vilket ger b\u00e4ttre upptag.<\/p>\n<\/li>\n<li data-start=\"596\" data-end=\"714\">\n<p data-start=\"598\" data-end=\"714\"><strong data-start=\"564\" data-end=\"595\">Helt\u00e4ckande hj\u00e4rnst\u00f6d<\/strong> \u2013 med DHA, ARA och kolin f\u00f6r att st\u00e4rka minne, fokus och inl\u00e4rningsf\u00f6rm\u00e5ga.<\/p>\n<\/li>\n<li data-start=\"715\" data-end=\"814\">\n<p data-start=\"717\" data-end=\"814\"><strong data-start=\"680\" data-end=\"703\">F\u00f6r alla \u00e5ldrar<\/strong> \u2013 st\u00f6djer barns kognitiva utveckling (fr\u00e5n 3 \u00e5r) och fr\u00e4mjar h\u00e4lsosamt \u00e5ldrande hos vuxna.<\/p>\n<\/li>\n<\/ul>\n<p>&nbsp;<\/p>","protected":false},"featured_media":19603,"template":"","meta":{"_eb_attr":""},"product_brand":[],"product_cat":[191],"product_tag":[],"class_list":{"0":"post-2381","1":"product","2":"type-product","3":"status-publish","4":"has-post-thumbnail","6":"product_cat-top-products","8":"first","9":"instock","10":"shipping-taxable","11":"product-type-simple"},"_links":{"self":[{"href":"https:\/\/nutrition365.se\/sv\/wp-json\/wp\/v2\/product\/2381","targetHints":{"allow":["GET"]}}],"collection":[{"href":"https:\/\/nutrition365.se\/sv\/wp-json\/wp\/v2\/product"}],"about":[{"href":"https:\/\/nutrition365.se\/sv\/wp-json\/wp\/v2\/types\/product"}],"wp:featuredmedia":[{"embeddable":true,"href":"https:\/\/nutrition365.se\/sv\/wp-json\/wp\/v2\/media\/19603"}],"wp:attachment":[{"href":"https:\/\/nutrition365.se\/sv\/wp-json\/wp\/v2\/media?parent=2381"}],"wp:term":[{"taxonomy":"product_brand","embeddable":true,"href":"https:\/\/nutrition365.se\/sv\/wp-json\/wp\/v2\/product_brand?post=2381"},{"taxonomy":"product_cat","embeddable":true,"href":"https:\/\/nutrition365.se\/sv\/wp-json\/wp\/v2\/product_cat?post=2381"},{"taxonomy":"product_tag","embeddable":true,"href":"https:\/\/nutrition365.se\/sv\/wp-json\/wp\/v2\/product_tag?post=2381"}],"curies":[{"name":"wp","href":"https:\/\/api.w.org\/{rel}","templated":true}]}}