{"id":2377,"date":"2020-05-12T12:18:04","date_gmt":"2020-05-12T12:18:04","guid":{"rendered":"https:\/\/nutrition365.se\/?post_type=product&#038;p=2377"},"modified":"2025-10-01T03:33:23","modified_gmt":"2025-10-01T03:33:23","slug":"hmal-egg-yolk-lecithin-krill-oil","status":"publish","type":"product","link":"https:\/\/nutrition365.se\/sv\/produkt\/hmal-egg-yolk-lecithin-krill-oil\/","title":{"rendered":"HMAL \u00c4ggulelecitin och Krillolja"},"content":{"rendered":"<p><img fetchpriority=\"high\" decoding=\"async\" class=\"aligncenter wp-image-20260 size-full\" src=\"https:\/\/nutrition365.se\/wp-content\/uploads\/2025\/10\/Krill-Oil-Description-Page-swedish_01.jpg\" alt=\"HMAL Egg Yolk Lecithin Krill OilHuman Milk\u2013like Phospholipid Structure for Daily AbsorptionKrill Oil Support \u2013 Superior Omega-3 Absorption &amp; Anti-Inflammatory Benefits\" width=\"1200\" height=\"1601\" srcset=\"https:\/\/nutrition365.se\/wp-content\/uploads\/2025\/10\/Krill-Oil-Description-Page-swedish_01.jpg 1200w, https:\/\/nutrition365.se\/wp-content\/uploads\/2025\/10\/Krill-Oil-Description-Page-swedish_01-224x300.jpg 224w, https:\/\/nutrition365.se\/wp-content\/uploads\/2025\/10\/Krill-Oil-Description-Page-swedish_01-766x1024.jpg 766w, https:\/\/nutrition365.se\/wp-content\/uploads\/2025\/10\/Krill-Oil-Description-Page-swedish_01-768x1027.jpg 768w, https:\/\/nutrition365.se\/wp-content\/uploads\/2025\/10\/Krill-Oil-Description-Page-swedish_01-1149x1536.jpg 1149w, https:\/\/nutrition365.se\/wp-content\/uploads\/2025\/10\/Krill-Oil-Description-Page-swedish_01-9x12.jpg 9w, https:\/\/nutrition365.se\/wp-content\/uploads\/2025\/10\/Krill-Oil-Description-Page-swedish_01-370x495.jpg 370w, https:\/\/nutrition365.se\/wp-content\/uploads\/2025\/10\/Krill-Oil-Description-Page-swedish_01-840x1123.jpg 840w, https:\/\/nutrition365.se\/wp-content\/uploads\/2025\/10\/Krill-Oil-Description-Page-swedish_01-410x548.jpg 410w, https:\/\/nutrition365.se\/wp-content\/uploads\/2025\/10\/Krill-Oil-Description-Page-swedish_01-600x802.jpg 600w\" sizes=\"(max-width: 1200px) 100vw, 1200px\" \/> <img decoding=\"async\" class=\"aligncenter wp-image-20268 size-full\" src=\"https:\/\/nutrition365.se\/wp-content\/uploads\/2025\/10\/Krill-Oil-Description-Page-swedish_02.jpg\" alt=\"\" width=\"1200\" height=\"1850\" srcset=\"https:\/\/nutrition365.se\/wp-content\/uploads\/2025\/10\/Krill-Oil-Description-Page-swedish_02.jpg 1200w, https:\/\/nutrition365.se\/wp-content\/uploads\/2025\/10\/Krill-Oil-Description-Page-swedish_02-194x300.jpg 194w, https:\/\/nutrition365.se\/wp-content\/uploads\/2025\/10\/Krill-Oil-Description-Page-swedish_02-662x1024.jpg 662w, https:\/\/nutrition365.se\/wp-content\/uploads\/2025\/10\/Krill-Oil-Description-Page-swedish_02-768x1188.jpg 768w, https:\/\/nutrition365.se\/wp-content\/uploads\/2025\/10\/Krill-Oil-Description-Page-swedish_02-993x1536.jpg 993w, https:\/\/nutrition365.se\/wp-content\/uploads\/2025\/10\/Krill-Oil-Description-Page-swedish_02-8x12.jpg 8w, https:\/\/nutrition365.se\/wp-content\/uploads\/2025\/10\/Krill-Oil-Description-Page-swedish_02-370x572.jpg 370w, https:\/\/nutrition365.se\/wp-content\/uploads\/2025\/10\/Krill-Oil-Description-Page-swedish_02-840x1299.jpg 840w, https:\/\/nutrition365.se\/wp-content\/uploads\/2025\/10\/Krill-Oil-Description-Page-swedish_02-410x634.jpg 410w, https:\/\/nutrition365.se\/wp-content\/uploads\/2025\/10\/Krill-Oil-Description-Page-swedish_02-600x928.jpg 600w\" sizes=\"(max-width: 1200px) 100vw, 1200px\" \/> <img decoding=\"async\" class=\"aligncenter wp-image-20270 size-full\" src=\"https:\/\/nutrition365.se\/wp-content\/uploads\/2025\/10\/Krill-Oil-Description-Page-swedish_03.jpg\" alt=\"\" width=\"1200\" height=\"1458\" srcset=\"https:\/\/nutrition365.se\/wp-content\/uploads\/2025\/10\/Krill-Oil-Description-Page-swedish_03.jpg 1200w, https:\/\/nutrition365.se\/wp-content\/uploads\/2025\/10\/Krill-Oil-Description-Page-swedish_03-248x300.jpg 248w, https:\/\/nutrition365.se\/wp-content\/uploads\/2025\/10\/Krill-Oil-Description-Page-swedish_03-847x1024.jpg 847w, https:\/\/nutrition365.se\/wp-content\/uploads\/2025\/10\/Krill-Oil-Description-Page-swedish_03-768x928.jpg 768w, https:\/\/nutrition365.se\/wp-content\/uploads\/2025\/10\/Krill-Oil-Description-Page-swedish_03-10x12.jpg 10w, https:\/\/nutrition365.se\/wp-content\/uploads\/2025\/10\/Krill-Oil-Description-Page-swedish_03-370x447.jpg 370w, https:\/\/nutrition365.se\/wp-content\/uploads\/2025\/10\/Krill-Oil-Description-Page-swedish_03-840x1015.jpg 840w, https:\/\/nutrition365.se\/wp-content\/uploads\/2025\/10\/Krill-Oil-Description-Page-swedish_03-410x495.jpg 410w, https:\/\/nutrition365.se\/wp-content\/uploads\/2025\/10\/Krill-Oil-Description-Page-swedish_03-600x725.jpg 600w\" sizes=\"(max-width: 1200px) 100vw, 1200px\" \/><img loading=\"lazy\" decoding=\"async\" class=\"aligncenter wp-image-20274 size-full\" src=\"https:\/\/nutrition365.se\/wp-content\/uploads\/2025\/10\/Krill-Oil-Description-Page-swedish2_01.jpg\" alt=\"\" width=\"1200\" height=\"2127\" srcset=\"https:\/\/nutrition365.se\/wp-content\/uploads\/2025\/10\/Krill-Oil-Description-Page-swedish2_01.jpg 1200w, https:\/\/nutrition365.se\/wp-content\/uploads\/2025\/10\/Krill-Oil-Description-Page-swedish2_01-169x300.jpg 169w, https:\/\/nutrition365.se\/wp-content\/uploads\/2025\/10\/Krill-Oil-Description-Page-swedish2_01-578x1024.jpg 578w, https:\/\/nutrition365.se\/wp-content\/uploads\/2025\/10\/Krill-Oil-Description-Page-swedish2_01-768x1361.jpg 768w, https:\/\/nutrition365.se\/wp-content\/uploads\/2025\/10\/Krill-Oil-Description-Page-swedish2_01-867x1536.jpg 867w, https:\/\/nutrition365.se\/wp-content\/uploads\/2025\/10\/Krill-Oil-Description-Page-swedish2_01-1156x2048.jpg 1156w, https:\/\/nutrition365.se\/wp-content\/uploads\/2025\/10\/Krill-Oil-Description-Page-swedish2_01-7x12.jpg 7w, https:\/\/nutrition365.se\/wp-content\/uploads\/2025\/10\/Krill-Oil-Description-Page-swedish2_01-370x656.jpg 370w, https:\/\/nutrition365.se\/wp-content\/uploads\/2025\/10\/Krill-Oil-Description-Page-swedish2_01-840x1488.jpg 840w, https:\/\/nutrition365.se\/wp-content\/uploads\/2025\/10\/Krill-Oil-Description-Page-swedish2_01-410x726.jpg 410w, https:\/\/nutrition365.se\/wp-content\/uploads\/2025\/10\/Krill-Oil-Description-Page-swedish2_01-600x1063.jpg 600w\" sizes=\"(max-width: 1200px) 100vw, 1200px\" \/><img loading=\"lazy\" decoding=\"async\" class=\"aligncenter wp-image-20276 size-full\" src=\"https:\/\/nutrition365.se\/wp-content\/uploads\/2025\/10\/Krill-Oil-Description-Page-swedish2_02.jpg\" alt=\"\" width=\"1200\" height=\"1926\" srcset=\"https:\/\/nutrition365.se\/wp-content\/uploads\/2025\/10\/Krill-Oil-Description-Page-swedish2_02.jpg 1200w, https:\/\/nutrition365.se\/wp-content\/uploads\/2025\/10\/Krill-Oil-Description-Page-swedish2_02-187x300.jpg 187w, https:\/\/nutrition365.se\/wp-content\/uploads\/2025\/10\/Krill-Oil-Description-Page-swedish2_02-639x1024.jpg 639w, https:\/\/nutrition365.se\/wp-content\/uploads\/2025\/10\/Krill-Oil-Description-Page-swedish2_02-768x1231.jpg 768w, https:\/\/nutrition365.se\/wp-content\/uploads\/2025\/10\/Krill-Oil-Description-Page-swedish2_02-958x1536.jpg 958w, https:\/\/nutrition365.se\/wp-content\/uploads\/2025\/10\/Krill-Oil-Description-Page-swedish2_02-7x12.jpg 7w, https:\/\/nutrition365.se\/wp-content\/uploads\/2025\/10\/Krill-Oil-Description-Page-swedish2_02-370x593.jpg 370w, https:\/\/nutrition365.se\/wp-content\/uploads\/2025\/10\/Krill-Oil-Description-Page-swedish2_02-840x1347.jpg 840w, https:\/\/nutrition365.se\/wp-content\/uploads\/2025\/10\/Krill-Oil-Description-Page-swedish2_02-410x657.jpg 410w, https:\/\/nutrition365.se\/wp-content\/uploads\/2025\/10\/Krill-Oil-Description-Page-swedish2_02-600x962.jpg 600w\" sizes=\"(max-width: 1200px) 100vw, 1200px\" \/><img loading=\"lazy\" decoding=\"async\" class=\"aligncenter wp-image-20278 size-full\" src=\"https:\/\/nutrition365.se\/wp-content\/uploads\/2025\/10\/Krill-Oil-Description-Page-swedish2_03.jpg\" alt=\"\" width=\"1200\" height=\"2538\" srcset=\"https:\/\/nutrition365.se\/wp-content\/uploads\/2025\/10\/Krill-Oil-Description-Page-swedish2_03.jpg 1200w, https:\/\/nutrition365.se\/wp-content\/uploads\/2025\/10\/Krill-Oil-Description-Page-swedish2_03-142x300.jpg 142w, https:\/\/nutrition365.se\/wp-content\/uploads\/2025\/10\/Krill-Oil-Description-Page-swedish2_03-484x1024.jpg 484w, https:\/\/nutrition365.se\/wp-content\/uploads\/2025\/10\/Krill-Oil-Description-Page-swedish2_03-768x1626.jpg 768w, https:\/\/nutrition365.se\/wp-content\/uploads\/2025\/10\/Krill-Oil-Description-Page-swedish2_03-726x1536.jpg 726w, https:\/\/nutrition365.se\/wp-content\/uploads\/2025\/10\/Krill-Oil-Description-Page-swedish2_03-968x2048.jpg 968w, https:\/\/nutrition365.se\/wp-content\/uploads\/2025\/10\/Krill-Oil-Description-Page-swedish2_03-6x12.jpg 6w, https:\/\/nutrition365.se\/wp-content\/uploads\/2025\/10\/Krill-Oil-Description-Page-swedish2_03-370x783.jpg 370w, https:\/\/nutrition365.se\/wp-content\/uploads\/2025\/10\/Krill-Oil-Description-Page-swedish2_03-840x1778.jpg 840w, https:\/\/nutrition365.se\/wp-content\/uploads\/2025\/10\/Krill-Oil-Description-Page-swedish2_03-410x868.jpg 410w, https:\/\/nutrition365.se\/wp-content\/uploads\/2025\/10\/Krill-Oil-Description-Page-swedish2_03-600x1270.jpg 600w\" sizes=\"(max-width: 1200px) 100vw, 1200px\" \/><\/p>","protected":false},"excerpt":{"rendered":"<p>HMAL \u00c4ggulalecitin Krillolja \u00e4r ett premium tillskott med <strong data-start=\"203\" data-end=\"235\">fosfolipid-bundet DHA &amp; EPA<\/strong>naturligt fr\u00e5n krillolja och \u00e4ggulelecitin. Den unika strukturen f\u00f6rb\u00e4ttrar upptaget och ger starkt st\u00f6d f\u00f6r hj\u00e4rnan, hj\u00e4rtat och k\u00e4rlh\u00e4lsan \u2013 s\u00e4rskilt v\u00e4rdefullt f\u00f6r \u00e4ldre.<\/p>\n<p data-start=\"424\" data-end=\"443\"><strong data-start=\"424\" data-end=\"440\">Nyckelf\u00f6rdelar<\/strong>:<\/p>\n<ul data-start=\"444\" data-end=\"791\">\n<li data-start=\"444\" data-end=\"563\">\n<p data-start=\"446\" data-end=\"563\"><strong data-start=\"471\" data-end=\"520\">Fosfolipid Bundna Omega-3 f\u00f6r b\u00e4ttre upptag<\/strong> \u2013 DHA &amp; EPA i sin naturliga fosfolipid form tas upp mycket b\u00e4ttre \u00e4n vanlig fiskolja.<\/p>\n<\/li>\n<li data-start=\"564\" data-end=\"667\">\n<p data-start=\"566\" data-end=\"667\"><strong data-start=\"654\" data-end=\"684\">Dubbel Effekt f\u00f6r Hj\u00e4rna och Hj\u00e4rta<\/strong> \u2013 hj\u00e4lper till att bevara kognitiv funktion, minska inflammation och skydda hj\u00e4rt- och k\u00e4rlh\u00e4lsa.<\/p>\n<\/li>\n<li data-start=\"668\" data-end=\"791\">\n<p data-start=\"670\" data-end=\"791\"><strong data-start=\"782\" data-end=\"803\">Krillolje Synergi<\/strong> \u2013 naturligt rik p\u00e5 astaxantin som ger antioxidativt skydd och st\u00e4rker cellernas motst\u00e5ndskraft.<\/p>\n<\/li>\n<\/ul>","protected":false},"featured_media":19582,"template":"","meta":{"_eb_attr":""},"product_brand":[],"product_cat":[191],"product_tag":[],"class_list":{"0":"post-2377","1":"product","2":"type-product","3":"status-publish","4":"has-post-thumbnail","6":"product_cat-top-products","8":"first","9":"instock","10":"shipping-taxable","11":"product-type-simple"},"_links":{"self":[{"href":"https:\/\/nutrition365.se\/sv\/wp-json\/wp\/v2\/product\/2377","targetHints":{"allow":["GET"]}}],"collection":[{"href":"https:\/\/nutrition365.se\/sv\/wp-json\/wp\/v2\/product"}],"about":[{"href":"https:\/\/nutrition365.se\/sv\/wp-json\/wp\/v2\/types\/product"}],"wp:featuredmedia":[{"embeddable":true,"href":"https:\/\/nutrition365.se\/sv\/wp-json\/wp\/v2\/media\/19582"}],"wp:attachment":[{"href":"https:\/\/nutrition365.se\/sv\/wp-json\/wp\/v2\/media?parent=2377"}],"wp:term":[{"taxonomy":"product_brand","embeddable":true,"href":"https:\/\/nutrition365.se\/sv\/wp-json\/wp\/v2\/product_brand?post=2377"},{"taxonomy":"product_cat","embeddable":true,"href":"https:\/\/nutrition365.se\/sv\/wp-json\/wp\/v2\/product_cat?post=2377"},{"taxonomy":"product_tag","embeddable":true,"href":"https:\/\/nutrition365.se\/sv\/wp-json\/wp\/v2\/product_tag?post=2377"}],"curies":[{"name":"wp","href":"https:\/\/api.w.org\/{rel}","templated":true}]}}